{"id":72,"date":"2010-11-14T18:59:43","date_gmt":"2010-11-14T18:59:43","guid":{"rendered":"http:\/\/www.salud20.es\/manifiesto\/index.php\/"},"modified":"2010-11-18T16:37:21","modified_gmt":"2010-11-18T15:37:21","slug":"adhesiones","status":"publish","type":"page","link":"https:\/\/www.salud20.es\/manifiesto\/index.php\/adhesiones\/","title":{"rendered":"Adhesiones"},"content":{"rendered":"<p>Adhi\u00e9rete al manifiesto escribiendo tu comentario o uni\u00e9ndote a nuestro grupo en <a href=\"http:\/\/www.facebook.com\/pages\/Manifiesto-Salud-20\/112221548844743\">FaceBook<\/a> tambi\u00e9n puedes seguirnos en <a href=\"http:\/\/twitter.com\/ManifiestoSalud#\">Twitter<\/a><\/p>\n<p>Adem\u00e1s te puedes unir a la discusi\u00f3n sobre el manifiesto en <a href=\"http:\/\/twitter.com\/#search?q=%23salud20Andalucia\">Twitter<\/a> o en <a href=\"http:\/\/www.linkedin.com\/groups?mostPopular=&amp;gid=3667584\">Linkedin<\/a><\/p>\n<p>Pon en tu blog el logo del manifiesto para mostrar tu adhesi\u00f3n, copiando este c\u00f3digo:<\/p>\n<blockquote><p>&lt;a href=&quot;http:\/\/www.salud20.es\/manifiesto\/&quot;&gt;&lt;img title=&quot;ManifiestoAbla2010 2.0&quot; src=&quot;http:\/\/www.salud20.es\/manifiesto\/wp-content\/uploads\/2010\/11\/ManifiestoAbla2010-2.0-e1289758440399.jpg&quot; alt=&quot;Manifiesto Salud&quot; width=&quot;220&quot; height=&quot;146&quot; \/&gt;&lt;\/a&gt;<\/p>\n<p>Si no te funciona prueba con:<\/p>\n<p>&lt;a href=&quot;http:\/\/www.salud20.es\/manifiesto\/&quot;&gt;&lt;img src=&quot;http:\/\/medicablogs.diariomedico.com\/luisluque\/files\/2010\/11\/ManifiestoAbla2010.jpg&quot; alt=&quot;Manifiesto Abla 2010&quot; title=&quot;ManifiestoAbla2010&quot; width=&quot;220&quot; height=&quot;146&quot; \/&gt;&lt;\/a&gt;<\/p><\/blockquote>\n","protected":false},"excerpt":{"rendered":"<p>Adhi\u00e9rete al manifiesto escribiendo tu comentario o uni\u00e9ndote a nuestro grupo en FaceBook tambi\u00e9n puedes seguirnos en Twitter Adem\u00e1s te puedes unir a la discusi\u00f3n sobre el manifiesto en Twitter o en Linkedin Pon en tu blog el logo del &hellip; <a href=\"https:\/\/www.salud20.es\/manifiesto\/index.php\/adhesiones\/\">Sigue leyendo <span class=\"meta-nav\">&rarr;<\/span><\/a><\/p>\n","protected":false},"author":1,"featured_media":0,"parent":0,"menu_order":0,"comment_status":"open","ping_status":"closed","template":"","meta":{"footnotes":""},"class_list":["post-72","page","type-page","status-publish","hentry"],"_links":{"self":[{"href":"https:\/\/www.salud20.es\/manifiesto\/index.php\/wp-json\/wp\/v2\/pages\/72","targetHints":{"allow":["GET"]}}],"collection":[{"href":"https:\/\/www.salud20.es\/manifiesto\/index.php\/wp-json\/wp\/v2\/pages"}],"about":[{"href":"https:\/\/www.salud20.es\/manifiesto\/index.php\/wp-json\/wp\/v2\/types\/page"}],"author":[{"embeddable":true,"href":"https:\/\/www.salud20.es\/manifiesto\/index.php\/wp-json\/wp\/v2\/users\/1"}],"replies":[{"embeddable":true,"href":"https:\/\/www.salud20.es\/manifiesto\/index.php\/wp-json\/wp\/v2\/comments?post=72"}],"version-history":[{"count":17,"href":"https:\/\/www.salud20.es\/manifiesto\/index.php\/wp-json\/wp\/v2\/pages\/72\/revisions"}],"predecessor-version":[{"id":101,"href":"https:\/\/www.salud20.es\/manifiesto\/index.php\/wp-json\/wp\/v2\/pages\/72\/revisions\/101"}],"wp:attachment":[{"href":"https:\/\/www.salud20.es\/manifiesto\/index.php\/wp-json\/wp\/v2\/media?parent=72"}],"curies":[{"name":"wp","href":"https:\/\/api.w.org\/{rel}","templated":true}]}}